{"id":30029,"date":"2024-04-25T09:23:25","date_gmt":"2024-04-25T09:23:25","guid":{"rendered":"https:\/\/muzeumwspolczesne.pl\/?page_id=30029"},"modified":"2025-11-26T08:56:31","modified_gmt":"2025-11-26T08:56:31","slug":"gra-obrazosnienie","status":"publish","type":"page","link":"https:\/\/muzeumwspolczesne.pl\/en\/gra-obrazosnienie\/","title":{"rendered":"GAME"},"content":{"rendered":"\t\t<div data-elementor-type=\"wp-page\" data-elementor-id=\"30029\" class=\"elementor elementor-30029\" data-elementor-post-type=\"page\">\n\t\t\t\t\t\t<section class=\"elementor-section elementor-top-section elementor-element elementor-element-4d1a66e5 elementor-section-full_width elementor-section-content-middle elementor-section-stretched elementor-section-height-default elementor-section-height-default\" data-id=\"4d1a66e5\" data-element_type=\"section\" data-e-type=\"section\" data-settings=\"{&quot;stretch_section&quot;:&quot;section-stretched&quot;}\">\n\t\t\t\t\t\t<div class=\"elementor-container elementor-column-gap-default\">\n\t\t\t\t\t<div class=\"elementor-column elementor-col-50 elementor-top-column elementor-element elementor-element-182ae808\" data-id=\"182ae808\" data-element_type=\"column\" data-e-type=\"column\">\n\t\t\t<div class=\"elementor-widget-wrap elementor-element-populated\">\n\t\t\t\t\t\t<div class=\"elementor-element elementor-element-21edd46f elementor-widget-divider--view-line elementor-widget elementor-widget-divider\" data-id=\"21edd46f\" data-element_type=\"widget\" data-e-type=\"widget\" data-widget_type=\"divider.default\">\n\t\t\t\t<div class=\"elementor-widget-container\">\n\t\t\t\t\t\t\t<div class=\"elementor-divider\">\n\t\t\t<span class=\"elementor-divider-separator\">\n\t\t\t\t\t\t<\/span>\n\t\t<\/div>\n\t\t\t\t\t\t<\/div>\n\t\t\t\t<\/div>\n\t\t\t\t\t<\/div>\n\t\t<\/div>\n\t\t\t\t<div class=\"elementor-column elementor-col-50 elementor-top-column elementor-element elementor-element-50869609\" data-id=\"50869609\" data-element_type=\"column\" data-e-type=\"column\">\n\t\t\t<div class=\"elementor-widget-wrap elementor-element-populated\">\n\t\t\t\t\t\t<div class=\"elementor-element elementor-element-1912f6a8 elementor-widget elementor-widget-heading\" data-id=\"1912f6a8\" data-element_type=\"widget\" data-e-type=\"widget\" data-widget_type=\"heading.default\">\n\t\t\t\t<div class=\"elementor-widget-container\">\n\t\t\t\t\t<h2 class=\"elementor-heading-title elementor-size-default\">GRA OBRAZO\u015aNIENIE<\/h2>\t\t\t\t<\/div>\n\t\t\t\t<\/div>\n\t\t\t\t\t<\/div>\n\t\t<\/div>\n\t\t\t\t\t<\/div>\n\t\t<\/section>\n\t\t\t\t<section class=\"elementor-section elementor-top-section elementor-element elementor-element-cc8965b elementor-section-boxed elementor-section-height-default elementor-section-height-default\" data-id=\"cc8965b\" data-element_type=\"section\" data-e-type=\"section\">\n\t\t\t\t\t\t<div class=\"elementor-container elementor-column-gap-default\">\n\t\t\t\t\t<div class=\"elementor-column elementor-col-100 elementor-top-column elementor-element elementor-element-d8d6ae7\" data-id=\"d8d6ae7\" data-element_type=\"column\" data-e-type=\"column\">\n\t\t\t<div class=\"elementor-widget-wrap elementor-element-populated\">\n\t\t\t\t\t\t<div class=\"elementor-element elementor-element-83d438d elementor-widget elementor-widget-text-editor\" data-id=\"83d438d\" data-element_type=\"widget\" data-e-type=\"widget\" data-widget_type=\"text-editor.default\">\n\t\t\t\t<div class=\"elementor-widget-container\">\n\t\t\t\t\t\t\t\t\t<div class=\"x11i5rnm xat24cr x1mh8g0r x1vvkbs xtlvy1s x126k92a\"><div dir=\"auto\">W grze <strong>OBRAZO\u015aNIENIE<\/strong> mo\u017cesz tworzy\u0107 interaktywne kola\u017ce, testuj\u0105c podstawowe w\u0142a\u015bciwo\u015bci kolor\u00f3w, kompozycji i perspektywy.<\/div><div dir=\"auto\">\u00a0<\/div><\/div><div class=\"x11i5rnm xat24cr x1mh8g0r x1vvkbs xtlvy1s x126k92a\"><div dir=\"auto\"><span class=\"x3nfvp2 x1j61x8r x1fcty0u xdj266r xhhsvwb xat24cr xgzva0m xxymvpz xlup9mm x1kky2od\"><img decoding=\"async\" src=\"https:\/\/static.xx.fbcdn.net\/images\/emoji.php\/v9\/td8\/1.5\/16\/2714.png\" alt=\"\u2714\ufe0f\" width=\"16\" height=\"16\" \/><\/span>\u00a0wybierz kolor i t\u0142o<\/div><div dir=\"auto\">\u00a0<\/div><div dir=\"auto\"><span class=\"x3nfvp2 x1j61x8r x1fcty0u xdj266r xhhsvwb xat24cr xgzva0m xxymvpz xlup9mm x1kky2od\"><img decoding=\"async\" src=\"https:\/\/static.xx.fbcdn.net\/images\/emoji.php\/v9\/td8\/1.5\/16\/2714.png\" alt=\"\u2714\ufe0f\" width=\"16\" height=\"16\" \/> <\/span>dodawaj obiekty \u2013 powi\u0119kszaj, pomniejszaj, obracaj, zmieniaj ich po\u0142o\u017cenie, uk\u0142adaj warstwami, nadawaj im transparentno\u015b\u0107<\/div><div dir=\"auto\">\u00a0<\/div><div dir=\"auto\"><span class=\"x3nfvp2 x1j61x8r x1fcty0u xdj266r xhhsvwb xat24cr xgzva0m xxymvpz xlup9mm x1kky2od\"><img decoding=\"async\" src=\"https:\/\/static.xx.fbcdn.net\/images\/emoji.php\/v9\/td8\/1.5\/16\/2714.png\" alt=\"\u2714\ufe0f\" width=\"16\" height=\"16\" \/><\/span>\u00a0wreszcie \u2013 zapisz swoj\u0105 kompozycj\u0119!<\/div><div dir=\"auto\">\u00a0<\/div><\/div><div class=\"x11i5rnm xat24cr x1mh8g0r x1vvkbs xtlvy1s x126k92a\"><div dir=\"auto\"><span class=\"x3nfvp2 x1j61x8r x1fcty0u xdj266r xhhsvwb xat24cr xgzva0m xxymvpz xlup9mm x1kky2od\"><img decoding=\"async\" src=\"https:\/\/static.xx.fbcdn.net\/images\/emoji.php\/v9\/taa\/1.5\/16\/1f449.png\" alt=\"\ud83d\udc49\" width=\"16\" height=\"16\" \/><\/span> Opublikuj efekty na Facebooku i Instagramie<\/div><div dir=\"auto\"><span class=\"x3nfvp2 x1j61x8r x1fcty0u xdj266r xhhsvwb xat24cr xgzva0m xxymvpz xlup9mm x1kky2od\"><img decoding=\"async\" src=\"https:\/\/static.xx.fbcdn.net\/images\/emoji.php\/v9\/taa\/1.5\/16\/1f449.png\" alt=\"\ud83d\udc49\" width=\"16\" height=\"16\" \/> <\/span>dodaj hashtag\u00a0<strong><a class=\"x1i10hfl xjbqb8w x6umtig x1b1mbwd xaqea5y xav7gou x9f619 x1ypdohk xt0psk2 xe8uvvx xdj266r x11i5rnm xat24cr x1mh8g0r xexx8yu x4uap5 x18d9i69 xkhd6sd x16tdsg8 x1hl2dhg xggy1nq x1a2a7pz xt0b8zv x1qq9wsj xo1l8bm\" tabindex=\"0\" role=\"link\" href=\"https:\/\/www.facebook.com\/hashtag\/obrazo%C5%9Bnienie?__eep__=6&amp;__cft__[0]=AZVHmDxI-pOINWWMgczq_qnpQSj0Jjt_zFCDrKi8NjF3VA5JYpqlRiKnNjS25ZwvIKFFEDr7zKePf7wcMnCva12IFtSp08EkKUSV380KcHFrxTsa9Zq7MAP8r0V3jCba0AU&amp;__tn__=*NK-R\">#obrazo\u015bnienie<\/a><\/strong> i oznacz <strong>@muzeum_wspolczesne<\/strong>, a My udost\u0119pnimy najciekawsze prace!<\/div><div dir=\"auto\">\u00a0<\/div><\/div><p><span class=\"x3nfvp2 x1j61x8r x1fcty0u xdj266r xhhsvwb xat24cr xgzva0m xxymvpz xlup9mm x1kky2od\"><img decoding=\"async\" src=\"https:\/\/static.xx.fbcdn.net\/images\/emoji.php\/v9\/t15\/1.5\/16\/2139.png\" alt=\"\u2139\ufe0f\" width=\"16\" height=\"16\" \/>\u00a0<\/span>\u00a0Gra kierowana jest niemal do ka\u017cdego. Szczeg\u00f3lnie zach\u0119camy do korzystania z niej dzieci i m\u0142odzie\u017c oraz animator\u00f3w, trener\u00f3w, edukator\u00f3w i nauczycieli, kt\u00f3rzy pracuj\u0105 z r\u00f3\u017cnymi grupami odbiorc\u00f3w.<\/p><p><strong>Autorzy:\u00a0<a class=\"x1i10hfl xjbqb8w x6umtig x1b1mbwd xaqea5y xav7gou x9f619 x1ypdohk xt0psk2 xe8uvvx xdj266r x11i5rnm xat24cr x1mh8g0r xexx8yu x4uap5 x18d9i69 xkhd6sd x16tdsg8 x1hl2dhg xggy1nq x1a2a7pz xt0b8zv x1qq9wsj xo1l8bm\" tabindex=\"0\" role=\"link\" href=\"https:\/\/www.facebook.com\/patrycja.mastej.7?__cft__[0]=AZVHmDxI-pOINWWMgczq_qnpQSj0Jjt_zFCDrKi8NjF3VA5JYpqlRiKnNjS25ZwvIKFFEDr7zKePf7wcMnCva12IFtSp08EkKUSV380KcHFrxTsa9Zq7MAP8r0V3jCba0AU&amp;__tn__=-]K-R\"><span class=\"xt0psk2\">Patrycja Mastej<\/span><\/a>\u00a0i\u00a0<a class=\"x1i10hfl xjbqb8w x6umtig x1b1mbwd xaqea5y xav7gou x9f619 x1ypdohk xt0psk2 xe8uvvx xdj266r x11i5rnm xat24cr x1mh8g0r xexx8yu x4uap5 x18d9i69 xkhd6sd x16tdsg8 x1hl2dhg xggy1nq x1a2a7pz xt0b8zv x1qq9wsj xo1l8bm\" tabindex=\"0\" role=\"link\" href=\"https:\/\/www.facebook.com\/sebastian.sobotka.3?__cft__[0]=AZVHmDxI-pOINWWMgczq_qnpQSj0Jjt_zFCDrKi8NjF3VA5JYpqlRiKnNjS25ZwvIKFFEDr7zKePf7wcMnCva12IFtSp08EkKUSV380KcHFrxTsa9Zq7MAP8r0V3jCba0AU&amp;__tn__=-]K-R\"><span class=\"xt0psk2\">Sebastian Sob\u00f3tka<\/span><\/a>.<\/strong><\/p>\t\t\t\t\t\t\t\t<\/div>\n\t\t\t\t<\/div>\n\t\t\t\t\t<\/div>\n\t\t<\/div>\n\t\t\t\t\t<\/div>\n\t\t<\/section>\n\t\t\t\t<section class=\"elementor-section elementor-top-section elementor-element elementor-element-06eb50f elementor-section-boxed elementor-section-height-default elementor-section-height-default\" data-id=\"06eb50f\" data-element_type=\"section\" data-e-type=\"section\">\n\t\t\t\t\t\t<div class=\"elementor-container elementor-column-gap-default\">\n\t\t\t\t\t<div class=\"elementor-column elementor-col-100 elementor-top-column elementor-element elementor-element-95bc17d\" data-id=\"95bc17d\" data-element_type=\"column\" data-e-type=\"column\">\n\t\t\t<div class=\"elementor-widget-wrap elementor-element-populated\">\n\t\t\t\t\t\t<div class=\"elementor-element elementor-element-2f2ba64 elementor-align-center elementor-widget elementor-widget-button\" data-id=\"2f2ba64\" data-element_type=\"widget\" data-e-type=\"widget\" data-widget_type=\"button.default\">\n\t\t\t\t<div class=\"elementor-widget-container\">\n\t\t\t\t\t\t\t\t\t<div class=\"elementor-button-wrapper\">\n\t\t\t\t\t<a class=\"elementor-button elementor-button-link elementor-size-sm elementor-animation-grow\" href=\"https:\/\/hosting2511039.online.pro\/obrazosnienie\/pl\/game.html\">\n\t\t\t\t\t\t<span class=\"elementor-button-content-wrapper\">\n\t\t\t\t\t\t\t\t\t<span class=\"elementor-button-text\">Kliknij tutaj lub w obrazek poni\u017cej, aby przej\u015b\u0107 do gry.<\/span>\n\t\t\t\t\t<\/span>\n\t\t\t\t\t<\/a>\n\t\t\t\t<\/div>\n\t\t\t\t\t\t\t\t<\/div>\n\t\t\t\t<\/div>\n\t\t\t\t\t<\/div>\n\t\t<\/div>\n\t\t\t\t\t<\/div>\n\t\t<\/section>\n\t\t\t\t<section class=\"elementor-section elementor-top-section elementor-element elementor-element-439d23e elementor-section-boxed elementor-section-height-default elementor-section-height-default\" data-id=\"439d23e\" data-element_type=\"section\" data-e-type=\"section\">\n\t\t\t\t\t\t<div class=\"elementor-container elementor-column-gap-default\">\n\t\t\t\t\t<div class=\"elementor-column elementor-col-100 elementor-top-column elementor-element elementor-element-3b56fff\" data-id=\"3b56fff\" data-element_type=\"column\" data-e-type=\"column\">\n\t\t\t<div class=\"elementor-widget-wrap elementor-element-populated\">\n\t\t\t\t\t\t<div class=\"elementor-element elementor-element-32b2f73 elementor-widget elementor-widget-image\" data-id=\"32b2f73\" data-element_type=\"widget\" data-e-type=\"widget\" data-widget_type=\"image.default\">\n\t\t\t\t<div class=\"elementor-widget-container\">\n\t\t\t\t\t\t\t\t\t\t\t\t\t\t\t\t<a href=\"https:\/\/hosting2511039.online.pro\/obrazosnienie\/pl\/game.html\">\n\t\t\t\t\t\t\t<img loading=\"lazy\" decoding=\"async\" width=\"800\" height=\"484\" src=\"https:\/\/muzeumwspolczesne.pl\/wp-content\/uploads\/2024\/04\/277355050_7204582459612108_4052726124104313630_n-1024x619.jpg\" class=\"attachment-large size-large wp-image-30032\" alt=\"\" srcset=\"https:\/\/muzeumwspolczesne.pl\/wp-content\/uploads\/2024\/04\/277355050_7204582459612108_4052726124104313630_n-1024x619.jpg 1024w, https:\/\/muzeumwspolczesne.pl\/wp-content\/uploads\/2024\/04\/277355050_7204582459612108_4052726124104313630_n-300x181.jpg 300w, https:\/\/muzeumwspolczesne.pl\/wp-content\/uploads\/2024\/04\/277355050_7204582459612108_4052726124104313630_n-768x464.jpg 768w, https:\/\/muzeumwspolczesne.pl\/wp-content\/uploads\/2024\/04\/277355050_7204582459612108_4052726124104313630_n-1536x928.jpg 1536w, https:\/\/muzeumwspolczesne.pl\/wp-content\/uploads\/2024\/04\/277355050_7204582459612108_4052726124104313630_n-18x12.jpg 18w, https:\/\/muzeumwspolczesne.pl\/wp-content\/uploads\/2024\/04\/277355050_7204582459612108_4052726124104313630_n.jpg 1544w\" sizes=\"(max-width: 800px) 100vw, 800px\" \/>\t\t\t\t\t\t\t\t<\/a>\n\t\t\t\t\t\t\t\t\t\t\t\t\t\t\t<\/div>\n\t\t\t\t<\/div>\n\t\t\t\t\t<\/div>\n\t\t<\/div>\n\t\t\t\t\t<\/div>\n\t\t<\/section>\n\t\t\t\t<\/div>\n\t\t","protected":false},"excerpt":{"rendered":"<p>GRA OBRAZO\u015aNIENIE W grze\u00a0OBRAZO\u015aNIENIE\u00a0mo\u017cesz tworzy\u0107 interaktywne kola\u017ce, testuj\u0105c podstawowe w\u0142a\u015bciwo\u015bci kolor\u00f3w, kompozycji i perspektywy.\u00a0\u00a0wybierz kolor i t\u0142o\u00a0dodawaj obiekty \u2013 powi\u0119kszaj, pomniejszaj, obracaj, zmieniaj ich po\u0142o\u017cenie, uk\u0142adaj warstwami, nadawaj im transparentno\u015b\u0107.\u00a0\u00a0wreszcie \u2013 zapisz swoj\u0105 kompozycj\u0119!__________\u00a0\u00a0\u00a0Mo\u017cesz opublikowa\u0107 j\u0105 na Facebooku i Instagramie\u00a0\u00a0dodaj hashtag\u00a0#obrazo\u015bnienie\u00a0i oznacz @muzeum_wspolczesne, a My najciekawsze prace opublikujemy w naszej relacji.__________\u00a0Zapro\u015b innych do zabawy!***\u00a0Kliknij tutaj [&hellip;]<\/p>\n","protected":false},"author":5,"featured_media":0,"parent":0,"menu_order":0,"comment_status":"closed","ping_status":"closed","template":"","meta":{"footnotes":""},"class_list":["post-30029","page","type-page","status-publish","hentry"],"_links":{"self":[{"href":"https:\/\/muzeumwspolczesne.pl\/en\/wp-json\/wp\/v2\/pages\/30029","targetHints":{"allow":["GET"]}}],"collection":[{"href":"https:\/\/muzeumwspolczesne.pl\/en\/wp-json\/wp\/v2\/pages"}],"about":[{"href":"https:\/\/muzeumwspolczesne.pl\/en\/wp-json\/wp\/v2\/types\/page"}],"author":[{"embeddable":true,"href":"https:\/\/muzeumwspolczesne.pl\/en\/wp-json\/wp\/v2\/users\/5"}],"replies":[{"embeddable":true,"href":"https:\/\/muzeumwspolczesne.pl\/en\/wp-json\/wp\/v2\/comments?post=30029"}],"version-history":[{"count":21,"href":"https:\/\/muzeumwspolczesne.pl\/en\/wp-json\/wp\/v2\/pages\/30029\/revisions"}],"predecessor-version":[{"id":35407,"href":"https:\/\/muzeumwspolczesne.pl\/en\/wp-json\/wp\/v2\/pages\/30029\/revisions\/35407"}],"wp:attachment":[{"href":"https:\/\/muzeumwspolczesne.pl\/en\/wp-json\/wp\/v2\/media?parent=30029"}],"curies":[{"name":"wp","href":"https:\/\/api.w.org\/{rel}","templated":true}]}}