{"id":4820,"date":"2017-08-11T14:28:33","date_gmt":"2017-08-11T12:28:33","guid":{"rendered":"https:\/\/muzeumwspolczesne.pl\/home\/u391094\/domains\/muzeumwspolczesne.pl\/public_html\/?page_id=4820"},"modified":"2025-10-24T12:06:36","modified_gmt":"2025-10-24T12:06:36","slug":"rada-muzeum","status":"publish","type":"page","link":"https:\/\/muzeumwspolczesne.pl\/en\/rada-muzeum\/","title":{"rendered":"Museum Board"},"content":{"rendered":"<div data-elementor-type=\"wp-page\" data-elementor-id=\"4820\" class=\"elementor elementor-4820\" data-elementor-post-type=\"page\">\n\t\t\t\t\t\t<section class=\"elementor-section elementor-top-section elementor-element elementor-element-7a519337 elementor-section-full_width elementor-section-content-middle elementor-section-stretched elementor-section-height-default elementor-section-height-default\" data-id=\"7a519337\" data-element_type=\"section\" data-settings=\"{&quot;stretch_section&quot;:&quot;section-stretched&quot;}\">\n\t\t\t\t\t\t<div class=\"elementor-container elementor-column-gap-default\">\n\t\t\t\t\t<div class=\"elementor-column elementor-col-50 elementor-top-column elementor-element elementor-element-4405c2e5\" data-id=\"4405c2e5\" data-element_type=\"column\">\n\t\t\t<div class=\"elementor-widget-wrap elementor-element-populated\">\n\t\t\t\t\t\t<div class=\"elementor-element elementor-element-3d8ad688 elementor-widget-divider--view-line elementor-widget elementor-widget-divider\" data-id=\"3d8ad688\" data-element_type=\"widget\" data-widget_type=\"divider.default\">\n\t\t\t\t<div class=\"elementor-widget-container\">\n\t\t\t\t\t\t\t<div class=\"elementor-divider\">\n\t\t\t<span class=\"elementor-divider-separator\">\n\t\t\t\t\t\t<\/span>\n\t\t<\/div>\n\t\t\t\t\t\t<\/div>\n\t\t\t\t<\/div>\n\t\t\t\t\t<\/div>\n\t\t<\/div>\n\t\t\t\t<div class=\"elementor-column elementor-col-50 elementor-top-column elementor-element elementor-element-155ba6ff\" data-id=\"155ba6ff\" data-element_type=\"column\">\n\t\t\t<div class=\"elementor-widget-wrap elementor-element-populated\">\n\t\t\t\t\t\t<div class=\"elementor-element elementor-element-5ec7673d elementor-widget elementor-widget-heading\" data-id=\"5ec7673d\" data-element_type=\"widget\" data-widget_type=\"heading.default\">\n\t\t\t\t<div class=\"elementor-widget-container\">\n\t\t\t\t\t<h1 class=\"elementor-heading-title elementor-size-default\">MUSEUM BOARD<\/h1>\t\t\t\t<\/div>\n\t\t\t\t<\/div>\n\t\t\t\t<div class=\"elementor-element elementor-element-27c4c21 elementor-widget elementor-widget-spacer\" data-id=\"27c4c21\" data-element_type=\"widget\" data-widget_type=\"spacer.default\">\n\t\t\t\t<div class=\"elementor-widget-container\">\n\t\t\t\t\t\t\t<div class=\"elementor-spacer\">\n\t\t\t<div class=\"elementor-spacer-inner\"><\/div>\n\t\t<\/div>\n\t\t\t\t\t\t<\/div>\n\t\t\t\t<\/div>\n\t\t\t\t\t<\/div>\n\t\t<\/div>\n\t\t\t\t\t<\/div>\n\t\t<\/section>\n\t\t\t\t<section class=\"elementor-section elementor-top-section elementor-element elementor-element-fd12a12 elementor-section-boxed elementor-section-height-default elementor-section-height-default\" data-id=\"fd12a12\" data-element_type=\"section\">\n\t\t\t\t\t\t<div class=\"elementor-container elementor-column-gap-default\">\n\t\t\t\t\t<div class=\"elementor-column elementor-col-100 elementor-top-column elementor-element elementor-element-0ef06f6\" data-id=\"0ef06f6\" data-element_type=\"column\">\n\t\t\t<div class=\"elementor-widget-wrap elementor-element-populated\">\n\t\t\t\t\t\t<div class=\"elementor-element elementor-element-53e72e1 elementor-widget elementor-widget-spacer\" data-id=\"53e72e1\" data-element_type=\"widget\" data-widget_type=\"spacer.default\">\n\t\t\t\t<div class=\"elementor-widget-container\">\n\t\t\t\t\t\t\t<div class=\"elementor-spacer\">\n\t\t\t<div class=\"elementor-spacer-inner\"><\/div>\n\t\t<\/div>\n\t\t\t\t\t\t<\/div>\n\t\t\t\t<\/div>\n\t\t\t\t\t<\/div>\n\t\t<\/div>\n\t\t\t\t\t<\/div>\n\t\t<\/section>\n\t\t\t\t<section class=\"elementor-section elementor-top-section elementor-element elementor-element-30a8d17 elementor-section-boxed elementor-section-height-default elementor-section-height-default\" data-id=\"30a8d17\" data-element_type=\"section\">\n\t\t\t\t\t\t<div class=\"elementor-container elementor-column-gap-default\">\n\t\t\t\t\t<div class=\"elementor-column elementor-col-50 elementor-top-column elementor-element elementor-element-fea6429\" data-id=\"fea6429\" data-element_type=\"column\">\n\t\t\t<div class=\"elementor-widget-wrap elementor-element-populated\">\n\t\t\t\t\t\t<section class=\"elementor-section elementor-inner-section elementor-element elementor-element-751ffc1 elementor-section-content-top elementor-section-boxed elementor-section-height-default elementor-section-height-default\" data-id=\"751ffc1\" data-element_type=\"section\">\n\t\t\t\t\t\t<div class=\"elementor-container elementor-column-gap-default\">\n\t\t\t\t\t<div class=\"elementor-column elementor-col-100 elementor-inner-column elementor-element elementor-element-a70afb7\" data-id=\"a70afb7\" data-element_type=\"column\">\n\t\t\t<div class=\"elementor-widget-wrap elementor-element-populated\">\n\t\t\t\t\t\t<div class=\"elementor-element elementor-element-2146ece elementor-widget elementor-widget-text-editor\" data-id=\"2146ece\" data-element_type=\"widget\" data-widget_type=\"text-editor.default\">\n\t\t\t\t<div class=\"elementor-widget-container\">\n\t\t\t\t\t\t\t\t\t<p><strong><span class=\"fancy-header\">MUSEUM COUNCIL MEMBERS OF THE THIRD TERM 2023\u20142025<\/span><\/strong><\/p>\t\t\t\t\t\t\t\t<\/div>\n\t\t\t\t<\/div>\n\t\t\t\t<div class=\"elementor-element elementor-element-65f6f19 elementor-widget-divider--view-line elementor-widget elementor-widget-divider\" data-id=\"65f6f19\" data-element_type=\"widget\" data-widget_type=\"divider.default\">\n\t\t\t\t<div class=\"elementor-widget-container\">\n\t\t\t\t\t\t\t<div class=\"elementor-divider\">\n\t\t\t<span class=\"elementor-divider-separator\">\n\t\t\t\t\t\t<\/span>\n\t\t<\/div>\n\t\t\t\t\t\t<\/div>\n\t\t\t\t<\/div>\n\t\t\t\t<div class=\"elementor-element elementor-element-8c3f045 elementor-widget elementor-widget-text-editor\" data-id=\"8c3f045\" data-element_type=\"widget\" data-widget_type=\"text-editor.default\">\n\t\t\t\t<div class=\"elementor-widget-container\">\n\t\t\t\t\t\t\t\t\t<p class=\" translation-block\">\u2014 Dr. hab. JERZY ILKOSZ<br>art historian, director of the Museum of Architecture in Wroc\u0142aw in 2000-2022<\/p><p class=\" translation-block\">\u2014 JAROS\u0141AW SUCHAN<br>art historian, critic, curator, director of the Museum of Art in \u0141\u00f3d\u017a in 2006-2022, member of CIMAM, ICOM, AICA<\/p><p class=\" translation-block\">\u2014 Dr. hab. JACEK FRIEDRICH<br>art historian, museologist, lecturer, director of the National Museum in Gda\u0144sk<\/p><p class=\" translation-block\">\u2014 ALDONA MODRZEWSKA<br>art historian, culture expert, inventor, member of the Council for Museums and National Memorial Sites at the Ministry of Culture and National Heritage<\/p><p class=\" translation-block\">\u2014 Prof. WALDEMAR OKO\u0143<br>art historian, poet, head of the Department of the History of Modern Art,<br>Institute of Art History Wroc\u0142aw<\/p><p class=\" translation-block\">\u2014 Prof. JACEK SZEWCZYK<br>graphic artist, lecturer at the Faculty of Graphic Arts and Media Art, Academy of Fine Arts in Wroc\u0142aw, vice-president of DTZSP<\/p><p class=\" translation-block\">\u2014 dr hab. MICHA\u0141 JAKUBOWICZ<br>lecturer at the Faculty of Law and Social Communication, SWPS University of Social Sciences and Humanities in Wroc\u0142aw<\/p><p class=\" translation-block\">\u2014 Dr. hab. RAFA\u0141 EYSYMONTT, prof. UWr<br>Art historian<br>Institute of Art History, University of Wroc\u0142aw<\/p><p class=\" translation-block\">\u2014 DARIA KIE\u017bUN<br>architect, artist, president of the Wroc\u0142aw Branch of SARP<\/p><p class=\" translation-block\">\u2014 Dr. hab. PIOTR KOMOROWSKI, prof. ASP<br>Associate professor at the Department of Media Art at the Faculty of Graphic Arts and Media Art<\/p>\t\t\t\t\t\t\t\t<\/div>\n\t\t\t\t<\/div>\n\t\t\t\t\t<\/div>\n\t\t<\/div>\n\t\t\t\t\t<\/div>\n\t\t<\/section>\n\t\t\t\t\t<\/div>\n\t\t<\/div>\n\t\t\t\t<div class=\"elementor-column elementor-col-50 elementor-top-column elementor-element elementor-element-4ce7800\" data-id=\"4ce7800\" data-element_type=\"column\">\n\t\t\t<div class=\"elementor-widget-wrap\">\n\t\t\t\t\t\t\t<\/div>\n\t\t<\/div>\n\t\t\t\t\t<\/div>\n\t\t<\/section>\n\t\t\t\t<section class=\"elementor-section elementor-top-section elementor-element elementor-element-246cb88e elementor-section-boxed elementor-section-height-default elementor-section-height-default\" data-id=\"246cb88e\" data-element_type=\"section\">\n\t\t\t\t\t\t<div class=\"elementor-container elementor-column-gap-default\">\n\t\t\t\t\t<div class=\"elementor-column elementor-col-100 elementor-top-column elementor-element elementor-element-45583c0a\" data-id=\"45583c0a\" data-element_type=\"column\">\n\t\t\t<div class=\"elementor-widget-wrap elementor-element-populated\">\n\t\t\t\t\t\t\t<\/div>\n\t\t<\/div>\n\t\t\t\t\t<\/div>\n\t\t<\/section>\n\t\t\t\t<\/div>","protected":false},"excerpt":{"rendered":"<p>RADA MUZEUM CZ\u0141ONKOWIE RADY MUZEUM TRZECIEJ KADENCJI 2023\u20142025 \u2014 dr hab. JERZY ILKOSZhistoryk sztuki, dyrektor Muzeum Architektury we Wroc\u0142awiu w latach 2000-2022 \u2014 JAROS\u0141AW SUCHANhistoryk sztuki, krytyk, kurator, dyrektor Muzeum Sztuki w \u0141odzi w latach 2006-2022, cz\u0142onek CIMAM, ICOM, AICA \u2014 dr hab. JACEK FRIEDRICHhistoryk sztuki, muzealnik, wyk\u0142adowca, dyrektor Muzeum Narodowego w Gda\u0144sku \u2014 ALDONA [&hellip;]<\/p>","protected":false},"author":2,"featured_media":0,"parent":0,"menu_order":0,"comment_status":"closed","ping_status":"closed","template":"","meta":{"footnotes":""},"class_list":["post-4820","page","type-page","status-publish","hentry"],"_links":{"self":[{"href":"https:\/\/muzeumwspolczesne.pl\/en\/wp-json\/wp\/v2\/pages\/4820","targetHints":{"allow":["GET"]}}],"collection":[{"href":"https:\/\/muzeumwspolczesne.pl\/en\/wp-json\/wp\/v2\/pages"}],"about":[{"href":"https:\/\/muzeumwspolczesne.pl\/en\/wp-json\/wp\/v2\/types\/page"}],"author":[{"embeddable":true,"href":"https:\/\/muzeumwspolczesne.pl\/en\/wp-json\/wp\/v2\/users\/2"}],"replies":[{"embeddable":true,"href":"https:\/\/muzeumwspolczesne.pl\/en\/wp-json\/wp\/v2\/comments?post=4820"}],"version-history":[{"count":55,"href":"https:\/\/muzeumwspolczesne.pl\/en\/wp-json\/wp\/v2\/pages\/4820\/revisions"}],"predecessor-version":[{"id":34936,"href":"https:\/\/muzeumwspolczesne.pl\/en\/wp-json\/wp\/v2\/pages\/4820\/revisions\/34936"}],"wp:attachment":[{"href":"https:\/\/muzeumwspolczesne.pl\/en\/wp-json\/wp\/v2\/media?parent=4820"}],"curies":[{"name":"wp","href":"https:\/\/api.w.org\/{rel}","templated":true}]}}